{"id":42,"date":"2022-01-12T19:34:16","date_gmt":"2022-01-12T19:34:16","guid":{"rendered":"https:\/\/skuter.no\/?page_id=42"},"modified":"2022-01-12T19:34:16","modified_gmt":"2022-01-12T19:34:16","slug":"om","status":"publish","type":"page","link":"https:\/\/skuter.no\/","title":{"rendered":"Om"},"content":{"rendered":"\n<p>Du kan vere ein kunstnar som \u00f8nskar \u00e5 introdusere deg sj\u00f8lv og arbeidet ditt her, eller kanskje du er eit selskap med eit m\u00e5l presentere.<\/p>\n","protected":false},"excerpt":{"rendered":"<p>Du kan vere ein kunstnar som \u00f8nskar \u00e5 introdusere deg sj\u00f8lv og arbeidet ditt her, eller kanskje du er eit selskap med eit m\u00e5l presentere.<\/p>\n","protected":false},"author":1,"featured_media":0,"parent":0,"menu_order":0,"comment_status":"closed","ping_status":"closed","template":"","meta":{"footnotes":""},"class_list":["post-42","page","type-page","status-publish","hentry","entry"],"_links":{"self":[{"href":"https:\/\/skuter.no\/index.php\/wp-json\/wp\/v2\/pages\/42","targetHints":{"allow":["GET"]}}],"collection":[{"href":"https:\/\/skuter.no\/index.php\/wp-json\/wp\/v2\/pages"}],"about":[{"href":"https:\/\/skuter.no\/index.php\/wp-json\/wp\/v2\/types\/page"}],"author":[{"embeddable":true,"href":"https:\/\/skuter.no\/index.php\/wp-json\/wp\/v2\/users\/1"}],"replies":[{"embeddable":true,"href":"https:\/\/skuter.no\/index.php\/wp-json\/wp\/v2\/comments?post=42"}],"version-history":[{"count":1,"href":"https:\/\/skuter.no\/index.php\/wp-json\/wp\/v2\/pages\/42\/revisions"}],"predecessor-version":[{"id":58,"href":"https:\/\/skuter.no\/index.php\/wp-json\/wp\/v2\/pages\/42\/revisions\/58"}],"wp:attachment":[{"href":"https:\/\/skuter.no\/index.php\/wp-json\/wp\/v2\/media?parent=42"}],"curies":[{"name":"wp","href":"https:\/\/api.w.org\/{rel}","templated":true}]}}